{"id":276,"date":"2020-07-01T09:15:25","date_gmt":"2020-07-01T07:15:25","guid":{"rendered":"https:\/\/setup2.mathiasheinke.de\/?page_id=276"},"modified":"2020-09-11T14:44:01","modified_gmt":"2020-09-11T12:44:01","slug":"uber-mich","status":"publish","type":"page","link":"https:\/\/www.till-neunhoeffer.com\/en\/uber-mich\/","title":{"rendered":"About me"},"content":{"rendered":"<div data-elementor-type=\"wp-page\" data-elementor-id=\"276\" class=\"elementor elementor-276\" data-elementor-post-type=\"page\">\n\t\t\t\t\t\t<section class=\"elementor-section elementor-top-section elementor-element elementor-element-6e08919 elementor-section-boxed elementor-section-height-default elementor-section-height-default\" data-id=\"6e08919\" data-element_type=\"section\" data-e-type=\"section\">\n\t\t\t\t\t\t<div class=\"elementor-container elementor-column-gap-default\">\n\t\t\t\t\t<div class=\"elementor-column elementor-col-100 elementor-top-column elementor-element elementor-element-4054cc46\" data-id=\"4054cc46\" data-element_type=\"column\" data-e-type=\"column\" data-settings=\"{&quot;background_background&quot;:&quot;classic&quot;}\">\n\t\t\t<div class=\"elementor-widget-wrap elementor-element-populated\">\n\t\t\t\t\t<div class=\"elementor-background-overlay\"><\/div>\n\t\t\t\t\t\t<div class=\"elementor-element elementor-element-11639a5b elementor-widget elementor-widget-heading\" data-id=\"11639a5b\" data-element_type=\"widget\" data-e-type=\"widget\" data-widget_type=\"heading.default\">\n\t\t\t\t<div class=\"elementor-widget-container\">\n\t\t\t\t\t<h5 class=\"elementor-heading-title elementor-size-default\"><a href=\"https:\/\/www.till-neunhoeffer.com\/en\/\"><a href=\"\/en\/history.back()\/\"> Back <\/a><\/a><\/h5>\t\t\t\t<\/div>\n\t\t\t\t<\/div>\n\t\t\t\t\t<\/div>\n\t\t<\/div>\n\t\t\t\t\t<\/div>\n\t\t<\/section>\n\t\t\t\t<section class=\"elementor-section elementor-top-section elementor-element elementor-element-1aa55e44 elementor-section-content-middle elementor-section-height-min-height elementor-section-items-stretch elementor-section-boxed elementor-section-height-default\" data-id=\"1aa55e44\" data-element_type=\"section\" data-e-type=\"section\">\n\t\t\t\t\t\t<div class=\"elementor-container elementor-column-gap-no\">\n\t\t\t\t\t<div class=\"elementor-column elementor-col-50 elementor-top-column elementor-element elementor-element-28794b49\" data-id=\"28794b49\" data-element_type=\"column\" data-e-type=\"column\" data-settings=\"{&quot;background_background&quot;:&quot;classic&quot;}\">\n\t\t\t<div class=\"elementor-widget-wrap elementor-element-populated\">\n\t\t\t\t\t\t<div class=\"elementor-element elementor-element-60400b5 elementor-hidden-desktop elementor-widget elementor-widget-image\" data-id=\"60400b5\" data-element_type=\"widget\" data-e-type=\"widget\" data-widget_type=\"image.default\">\n\t\t\t\t<div class=\"elementor-widget-container\">\n\t\t\t\t\t\t\t\t\t\t\t\t\t\t\t<img fetchpriority=\"high\" decoding=\"async\" width=\"800\" height=\"913\" src=\"https:\/\/www.till-neunhoeffer.com\/wp-content\/uploads\/2020\/08\/till-uber-mich-mobil-897x1024.jpg\" class=\"attachment-large size-large wp-image-651\" alt=\"\" srcset=\"https:\/\/www.till-neunhoeffer.com\/wp-content\/uploads\/2020\/08\/till-uber-mich-mobil-897x1024.jpg 897w, https:\/\/www.till-neunhoeffer.com\/wp-content\/uploads\/2020\/08\/till-uber-mich-mobil-263x300.jpg 263w, https:\/\/www.till-neunhoeffer.com\/wp-content\/uploads\/2020\/08\/till-uber-mich-mobil-768x877.jpg 768w, https:\/\/www.till-neunhoeffer.com\/wp-content\/uploads\/2020\/08\/till-uber-mich-mobil.jpg 1344w\" sizes=\"(max-width: 800px) 100vw, 800px\" \/>\t\t\t\t\t\t\t\t\t\t\t\t\t\t\t<\/div>\n\t\t\t\t<\/div>\n\t\t\t\t<div class=\"elementor-element elementor-element-8a458ca elementor-hidden-tablet elementor-hidden-phone elementor-widget elementor-widget-image\" data-id=\"8a458ca\" data-element_type=\"widget\" data-e-type=\"widget\" data-widget_type=\"image.default\">\n\t\t\t\t<div class=\"elementor-widget-container\">\n\t\t\t\t\t\t\t\t\t\t\t\t\t\t\t<img decoding=\"async\" width=\"633\" height=\"1024\" src=\"https:\/\/www.till-neunhoeffer.com\/wp-content\/uploads\/2020\/08\/uber-mich-1-633x1024.jpg\" class=\"attachment-large size-large wp-image-646\" alt=\"\" srcset=\"https:\/\/www.till-neunhoeffer.com\/wp-content\/uploads\/2020\/08\/uber-mich-1-633x1024.jpg 633w, https:\/\/www.till-neunhoeffer.com\/wp-content\/uploads\/2020\/08\/uber-mich-1-185x300.jpg 185w, https:\/\/www.till-neunhoeffer.com\/wp-content\/uploads\/2020\/08\/uber-mich-1-768x1243.jpg 768w, https:\/\/www.till-neunhoeffer.com\/wp-content\/uploads\/2020\/08\/uber-mich-1-949x1536.jpg 949w, https:\/\/www.till-neunhoeffer.com\/wp-content\/uploads\/2020\/08\/uber-mich-1.jpg 1130w\" sizes=\"(max-width: 633px) 100vw, 633px\" \/>\t\t\t\t\t\t\t\t\t\t\t\t\t\t\t<\/div>\n\t\t\t\t<\/div>\n\t\t\t\t\t<\/div>\n\t\t<\/div>\n\t\t\t\t<div class=\"elementor-column elementor-col-50 elementor-top-column elementor-element elementor-element-70a5dcf1\" data-id=\"70a5dcf1\" data-element_type=\"column\" data-e-type=\"column\">\n\t\t\t<div class=\"elementor-widget-wrap elementor-element-populated\">\n\t\t\t\t\t<div class=\"elementor-background-overlay\"><\/div>\n\t\t\t\t\t\t<div class=\"elementor-element elementor-element-4514758d elementor-widget elementor-widget-heading\" data-id=\"4514758d\" data-element_type=\"widget\" data-e-type=\"widget\" data-widget_type=\"heading.default\">\n\t\t\t\t<div class=\"elementor-widget-container\">\n\t\t\t\t\t<h5 class=\"elementor-heading-title elementor-size-default\">The Story<\/h5>\t\t\t\t<\/div>\n\t\t\t\t<\/div>\n\t\t\t\t<div class=\"elementor-element elementor-element-1ed4671d elementor-widget elementor-widget-heading\" data-id=\"1ed4671d\" data-element_type=\"widget\" data-e-type=\"widget\" data-widget_type=\"heading.default\">\n\t\t\t\t<div class=\"elementor-widget-container\">\n\t\t\t\t\t<h2 class=\"elementor-heading-title elementor-size-default\">The genesis of Enter the GAP<\/h2>\t\t\t\t<\/div>\n\t\t\t\t<\/div>\n\t\t\t\t<div class=\"elementor-element elementor-element-6fb8a8de elementor-widget-divider--view-line elementor-widget elementor-widget-divider\" data-id=\"6fb8a8de\" data-element_type=\"widget\" data-e-type=\"widget\" data-widget_type=\"divider.default\">\n\t\t\t\t<div class=\"elementor-widget-container\">\n\t\t\t\t\t\t\t<div class=\"elementor-divider\">\n\t\t\t<span class=\"elementor-divider-separator\">\n\t\t\t\t\t\t<\/span>\n\t\t<\/div>\n\t\t\t\t\t\t<\/div>\n\t\t\t\t<\/div>\n\t\t\t\t<div class=\"elementor-element elementor-element-2d5cb18a elementor-widget elementor-widget-text-editor\" data-id=\"2d5cb18a\" data-element_type=\"widget\" data-e-type=\"widget\" data-widget_type=\"text-editor.default\">\n\t\t\t\t<div class=\"elementor-widget-container\">\n\t\t\t\t\t\t\t\t\t<p>Probably Till's curiosity and thirst for knowledge was the core driver to not only complete a degree in physics, but to actually enjoy it. After basic studies in T\u00fcbingen, a year abroad at the UNC in Chapel Hill, NC, USA, and a diploma in his adopted home town of Mainz, he obtained his PhD in experimental basic research in the field of astro-particle physics. \"One of the most impressive experiences was certainly my research stay at the geographic South Pole over the turn of the millennium\".<\/p><p>Not only the scientific side but also the human side is exciting here. At the Amundsen-Scott-Station at the geographic South Pole you will find a situation with two \"population groups\". The scientists provide the reason for being there: scientific research. But without the infrastructure people the scientists would have died within 24 hours. Heating, running water, food - at minus 30 degrees Celsius that is not a matter of course. And nowhere else do these groups mingle as relaxed and natural as in the canteen at the geographic South Pole. People who sit at different ends of the room in a university canteen simply come together here and exchange ideas.<\/p><p>\u00a0<\/p>\t\t\t\t\t\t\t\t<\/div>\n\t\t\t\t<\/div>\n\t\t\t\t\t<\/div>\n\t\t<\/div>\n\t\t\t\t\t<\/div>\n\t\t<\/section>\n\t\t\t\t<section class=\"elementor-section elementor-top-section elementor-element elementor-element-ef82169 elementor-section-content-middle elementor-section-height-min-height elementor-section-items-stretch elementor-section-boxed elementor-section-height-default\" data-id=\"ef82169\" data-element_type=\"section\" data-e-type=\"section\">\n\t\t\t\t\t\t<div class=\"elementor-container elementor-column-gap-no\">\n\t\t\t\t\t<div class=\"elementor-column elementor-col-100 elementor-top-column elementor-element elementor-element-59405fb\" data-id=\"59405fb\" data-element_type=\"column\" data-e-type=\"column\">\n\t\t\t<div class=\"elementor-widget-wrap elementor-element-populated\">\n\t\t\t\t\t<div class=\"elementor-background-overlay\"><\/div>\n\t\t\t\t\t\t<div class=\"elementor-element elementor-element-d89bd16 elementor-hidden-tablet elementor-hidden-phone elementor-widget-divider--view-line elementor-widget elementor-widget-divider\" data-id=\"d89bd16\" data-element_type=\"widget\" data-e-type=\"widget\" data-widget_type=\"divider.default\">\n\t\t\t\t<div class=\"elementor-widget-container\">\n\t\t\t\t\t\t\t<div class=\"elementor-divider\">\n\t\t\t<span class=\"elementor-divider-separator\">\n\t\t\t\t\t\t<\/span>\n\t\t<\/div>\n\t\t\t\t\t\t<\/div>\n\t\t\t\t<\/div>\n\t\t\t\t<div class=\"elementor-element elementor-element-2108a2e elementor-widget elementor-widget-text-editor\" data-id=\"2108a2e\" data-element_type=\"widget\" data-e-type=\"widget\" data-widget_type=\"text-editor.default\">\n\t\t\t\t<div class=\"elementor-widget-container\">\n\t\t\t\t\t\t\t\t\t<p class=\"p1\">Till Neunh\u00f6ffer left his scientific career to spare the family the \"wandering years\" of a physicist and never regretted the step into industry. \"In my many years in the telecommunications industry I have learned and seen a lot. In the course of time, I have come closer and closer to the soft skills side of life, because leading, moving and inspiring people has so much more reach to be constructive and innovative.\"<\/p><p class=\"p1\">The journey to the Enter the GAP approach began with Till Neunh\u00f6ffer's parental leave after her third child was born. During the seven months at home, which were mainly devoted to childcare, there was also some time to become more formally involved with the concept of mediation, a creative but structured approach to conflict resolution. Mediation produces solutions that are acceptable to all parties involved, making these solutions particularly stable and long-lasting.<\/p><p class=\"p1\">When he recognized the amazing parallels to the martial art Aikido, which he has been practicing for many years, his spirit of research was sparked. His Master's thesis (of the Master of Mediation) provides a structured comparison between Aikido and mediation as two methods that can deal with conflict energy in a constructive way. And they do so while taking into account the full complexity of the situation. From this research work, the Aikido Mindset Training has been developed, which, by means of simplified Aikido exercises, enables a physical experience of the same attitude\/mindset that forms the basis of mediation.<\/p><p class=\"p1\">With this approach he finds himself absolutely on the cutting edge of things. Many modern schools of trauma therapy and coaching can no longer do without taking the body into account. Even seemingly purely linguistically oriented intervention approaches such as the cognintuition or hypno-systemic school of Dr. Gunther Schmidt (director of the Milton Eriksson Institute in Heidelberg) have a clear if subtle physical representation.<\/p><p class=\"p1\">Since 2016 Till Neunh\u00f6ffer has been conducting Aikido Mindset Training Seminars. They are constantly evolving, as they are fertilized both by the experiences gained in the seminars and by the impulses of the further training courses in which Till Neunh\u00f6ffer himself participates in a constant rhythm. Always keeping with Albert Einstein's motto that new insights can best be gained by standing \"on the shoulders of giants\". And he always finds confirmation that mindset\/attitude is the central point to master complex challenges. (Remark: the German word \u201cHaltung\u201d represents both \u201cposture\u201d and \u201cattitude\u201d: here we use the combination mindset\/attitude to reflect this.)<\/p><p class=\"p1 translation-block\">In the time since he has started to teach Aikido Mindset Training seminars, Till has continued to work as a consultant in the telecommunications industry. And in the workshops as well as in the projects, the question of a procedure based on mindset\/attitude came up time and again. The answer to this question is provided by the three steps of the Enter the GAP process model, which \u2013 together with the Aikido Mindset \u2013 opens up the space in which problem solving can take place. In this method, the influences of science, business, experience and many training courses come together to form the easily accessible but far-reaching path to which Till Neunh\u00f6ffer invites his clients and companions.<\/p><p class=\"p1\">Today, the Enter the GAP model represents the central approach of Till's work. It is used in coaching, training, workshops and consulting. And it is the central pillar of his talks, which always deal with issues how to \"design collaboration effectively to achieve outstanding goals\" in today's VUCA world.<\/p><p class=\"p1\">Because the vision remains to establish a systematic method that transforms problems and conflicts into creative, generative transformation.<\/p><p class=\"p1\">Dr. Neunh\u00f6ffer lives with his wife and three children in Mainz.<\/p>\t\t\t\t\t\t\t\t<\/div>\n\t\t\t\t<\/div>\n\t\t\t\t\t<\/div>\n\t\t<\/div>\n\t\t\t\t\t<\/div>\n\t\t<\/section>\n\t\t\t\t<section class=\"elementor-section elementor-top-section elementor-element elementor-element-63ecf32f elementor-section-content-middle elementor-section-boxed elementor-section-height-default elementor-section-height-default\" data-id=\"63ecf32f\" data-element_type=\"section\" data-e-type=\"section\" data-settings=\"{&quot;background_background&quot;:&quot;classic&quot;}\">\n\t\t\t\t\t\t<div class=\"elementor-container elementor-column-gap-default\">\n\t\t\t\t\t<div class=\"elementor-column elementor-col-100 elementor-top-column elementor-element elementor-element-73cdc29b\" data-id=\"73cdc29b\" data-element_type=\"column\" data-e-type=\"column\">\n\t\t\t<div class=\"elementor-widget-wrap elementor-element-populated\">\n\t\t\t\t\t<div class=\"elementor-background-overlay\"><\/div>\n\t\t\t\t\t\t<div class=\"elementor-element elementor-element-6fa1c78b elementor-widget elementor-widget-text-editor\" data-id=\"6fa1c78b\" data-element_type=\"widget\" data-e-type=\"widget\" data-widget_type=\"text-editor.default\">\n\t\t\t\t<div class=\"elementor-widget-container\">\n\t\t\t\t\t\t\t\t\t<p class=\"translation-block\">Secure a free initial consultation now. <br>Why wait?<\/p>\t\t\t\t\t\t\t\t<\/div>\n\t\t\t\t<\/div>\n\t\t\t\t<div class=\"elementor-element elementor-element-184aa40d elementor-align-center elementor-mobile-align-justify animated-slow elementor-invisible elementor-widget elementor-widget-button\" data-id=\"184aa40d\" data-element_type=\"widget\" data-e-type=\"widget\" data-settings=\"{&quot;_animation&quot;:&quot;fadeIn&quot;,&quot;_animation_delay&quot;:200}\" data-widget_type=\"button.default\">\n\t\t\t\t<div class=\"elementor-widget-container\">\n\t\t\t\t\t\t\t\t\t<div class=\"elementor-button-wrapper\">\n\t\t\t\t\t<a class=\"elementor-button elementor-button-link elementor-size-md elementor-animation-float\" href=\"#elementor-action%3Aaction%3Dpopup%3Aopen%26settings%3DeyJpZCI6IjExOSIsInRvZ2dsZSI6ZmFsc2V9\">\n\t\t\t\t\t\t<span class=\"elementor-button-content-wrapper\">\n\t\t\t\t\t\t\t\t\t<span class=\"elementor-button-text\">Request a free initial consultation<\/span>\n\t\t\t\t\t<\/span>\n\t\t\t\t\t<\/a>\n\t\t\t\t<\/div>\n\t\t\t\t\t\t\t\t<\/div>\n\t\t\t\t<\/div>\n\t\t\t\t\t<\/div>\n\t\t<\/div>\n\t\t\t\t\t<\/div>\n\t\t<\/section>\n\t\t\t\t<\/div>","protected":false},"excerpt":{"rendered":"<p>Zur\u00fcck Die geschichte Die Entstehungs-Geschichte von Enter the GAP Wahrscheinlich war Till Neunh\u00f6ffers Neugierde und Wissensdurst der Kerntreiber, um ein Studium der Physik nicht nur zu absolvieren, sondern tats\u00e4chlich zu genie\u00dfen. Nach Grundstudium in T\u00fcbingen, einem Auslandsjahr an der UNC in Chapel Hill, NC, USA und dem Diplom in seiner Wahlheimat Mainz, hat er in [&hellip;]<\/p>\n","protected":false},"author":5,"featured_media":0,"parent":0,"menu_order":0,"comment_status":"closed","ping_status":"closed","template":"elementor_header_footer","meta":{"footnotes":""},"class_list":["post-276","page","type-page","status-publish","hentry"],"_links":{"self":[{"href":"https:\/\/www.till-neunhoeffer.com\/en\/wp-json\/wp\/v2\/pages\/276","targetHints":{"allow":["GET"]}}],"collection":[{"href":"https:\/\/www.till-neunhoeffer.com\/en\/wp-json\/wp\/v2\/pages"}],"about":[{"href":"https:\/\/www.till-neunhoeffer.com\/en\/wp-json\/wp\/v2\/types\/page"}],"author":[{"embeddable":true,"href":"https:\/\/www.till-neunhoeffer.com\/en\/wp-json\/wp\/v2\/users\/5"}],"replies":[{"embeddable":true,"href":"https:\/\/www.till-neunhoeffer.com\/en\/wp-json\/wp\/v2\/comments?post=276"}],"version-history":[{"count":0,"href":"https:\/\/www.till-neunhoeffer.com\/en\/wp-json\/wp\/v2\/pages\/276\/revisions"}],"wp:attachment":[{"href":"https:\/\/www.till-neunhoeffer.com\/en\/wp-json\/wp\/v2\/media?parent=276"}],"curies":[{"name":"wp","href":"https:\/\/api.w.org\/{rel}","templated":true}]}}