{"id":603,"date":"2020-08-20T12:26:44","date_gmt":"2020-08-20T10:26:44","guid":{"rendered":"https:\/\/setup3.mathiasheinke.de\/?page_id=603"},"modified":"2020-09-07T10:43:14","modified_gmt":"2020-09-07T08:43:14","slug":"sicherheitsgefuehl","status":"publish","type":"page","link":"https:\/\/www.till-neunhoeffer.com\/en\/sicherheitsgefuehl\/","title":{"rendered":"Feeling of Security"},"content":{"rendered":"<div data-elementor-type=\"wp-page\" data-elementor-id=\"603\" class=\"elementor elementor-603\" data-elementor-post-type=\"page\">\n\t\t\t\t\t\t<section class=\"elementor-section elementor-top-section elementor-element elementor-element-1fd60b7 elementor-section-boxed elementor-section-height-default elementor-section-height-default\" data-id=\"1fd60b7\" data-element_type=\"section\" data-e-type=\"section\">\n\t\t\t\t\t\t<div class=\"elementor-container elementor-column-gap-default\">\n\t\t\t\t\t<div class=\"elementor-column elementor-col-100 elementor-top-column elementor-element elementor-element-edae437\" data-id=\"edae437\" data-element_type=\"column\" data-e-type=\"column\" data-settings=\"{&quot;background_background&quot;:&quot;classic&quot;}\">\n\t\t\t<div class=\"elementor-widget-wrap elementor-element-populated\">\n\t\t\t\t\t<div class=\"elementor-background-overlay\"><\/div>\n\t\t\t\t\t\t<div class=\"elementor-element elementor-element-13539065 elementor-widget elementor-widget-heading\" data-id=\"13539065\" data-element_type=\"widget\" data-e-type=\"widget\" data-widget_type=\"heading.default\">\n\t\t\t\t<div class=\"elementor-widget-container\">\n\t\t\t\t\t<h5 class=\"elementor-heading-title elementor-size-default\"><a href=\"https:\/\/www.till-neunhoeffer.com\/en\/\"><a href=\"\/en\/history.back()\/\"> Back <\/a><\/a><\/h5>\t\t\t\t<\/div>\n\t\t\t\t<\/div>\n\t\t\t\t\t<\/div>\n\t\t<\/div>\n\t\t\t\t\t<\/div>\n\t\t<\/section>\n\t\t\t\t<section class=\"elementor-section elementor-top-section elementor-element elementor-element-3501d6e0 elementor-section-content-middle elementor-section-boxed elementor-section-height-default elementor-section-height-default\" data-id=\"3501d6e0\" data-element_type=\"section\" data-e-type=\"section\" data-settings=\"{&quot;background_background&quot;:&quot;classic&quot;}\">\n\t\t\t\t\t\t<div class=\"elementor-container elementor-column-gap-default\">\n\t\t\t\t\t<div class=\"elementor-column elementor-col-100 elementor-top-column elementor-element elementor-element-25ae1ba0\" data-id=\"25ae1ba0\" data-element_type=\"column\" data-e-type=\"column\" data-settings=\"{&quot;background_background&quot;:&quot;classic&quot;}\">\n\t\t\t<div class=\"elementor-widget-wrap elementor-element-populated\">\n\t\t\t\t\t<div class=\"elementor-background-overlay\"><\/div>\n\t\t\t\t\t\t<div class=\"elementor-element elementor-element-1a9bb16 elementor-widget elementor-widget-heading\" data-id=\"1a9bb16\" data-element_type=\"widget\" data-e-type=\"widget\" data-widget_type=\"heading.default\">\n\t\t\t\t<div class=\"elementor-widget-container\">\n\t\t\t\t\t<h3 class=\"elementor-heading-title elementor-size-default\">Feeling of Security <\/h3>\t\t\t\t<\/div>\n\t\t\t\t<\/div>\n\t\t\t\t<div class=\"elementor-element elementor-element-791cbc14 elementor-widget elementor-widget-spacer\" data-id=\"791cbc14\" data-element_type=\"widget\" data-e-type=\"widget\" data-widget_type=\"spacer.default\">\n\t\t\t\t<div class=\"elementor-widget-container\">\n\t\t\t\t\t\t\t<div class=\"elementor-spacer\">\n\t\t\t<div class=\"elementor-spacer-inner\"><\/div>\n\t\t<\/div>\n\t\t\t\t\t\t<\/div>\n\t\t\t\t<\/div>\n\t\t\t\t<div class=\"elementor-element elementor-element-7087dde9 elementor-widget elementor-widget-text-editor\" data-id=\"7087dde9\" data-element_type=\"widget\" data-e-type=\"widget\" data-widget_type=\"text-editor.default\">\n\t\t\t\t<div class=\"elementor-widget-container\">\n\t\t\t\t\t\t\t\t\t<p><span style=\"font-weight: 400;\">People switch between two basic states. In our open mode, we have access to intelligent, creative solutions and can perceive the overall situation. In our closed, tense state, however, intelligence and creativity are as if switched off. Only simple strategies remain available: fight, flight, fold (head-in-the-sand) and submission (fawn).\u00a0<\/span><\/p><p><span style=\"font-weight: 400;\">What makes the difference? Basically, humans need three things: protection, the ability to act, and connectedness. In the end, all three lead to a feeling of security. Protection is the feeling of \"passive security\". The ability to act corresponds to the feeling of \"active security\". And connectedness corresponds to the feeling of \"interactive security\" or security in interaction.\u00a0<\/span><\/p><p><span style=\"font-weight: 400;\">The need for security is deeply rooted in the neuro-physiological development of the human being. The oldest parts of our brain, such as the brain stem, were already responsible for the safety of the individual being when that being was an earthworm. Somewhat younger brain parts are responsible for the ability to have relationships with other people. And even younger parts make it possible to be a \"social animal\". This enables us to live in a group context as we know it.\u00a0<\/span><\/p><p><span style=\"font-weight: 400;\">The newest part of the brain, the neo-cortex, is by far the most complex and youngest part. It provides us with the awareness and the possibility to overcome difficult challenges. But it is also the slowest part of the brain. So if any one of the older parts of the brain considers our security threatened, its reaction is always faster and stronger than our conscious reaction.\u00a0<\/span><\/p><p><span style=\"font-weight: 400;\">Our ability to successfully deal with major challenges in today's world thus depends heavily on generating and maintaining a situation of multi-layered security for us as whole human beings.<\/span><\/p><p><br \/><br \/><\/p>\t\t\t\t\t\t\t\t<\/div>\n\t\t\t\t<\/div>\n\t\t\t\t\t<\/div>\n\t\t<\/div>\n\t\t\t\t\t<\/div>\n\t\t<\/section>\n\t\t\t\t<\/div>","protected":false},"excerpt":{"rendered":"<p>Zur\u00fcck Sicherheitsgef\u00fchl Menschen wechseln zwischen zwei grunds\u00e4tzlichen Zust\u00e4nden. Im offenen Modus haben wir Zugang zu intelligenten, kreativen L\u00f6sungen und k\u00f6nnen die Gesamtsituation \u00fcberblicken. Im verschlossenen, angespannten Zustand sind Intelligenz und Kreativit\u00e4t dagegen wie abgeschaltet. Dann stehen nur noch die Strategien Kampf, Flucht, Kopf-in-den-Sand und Unterwerfung zur Verf\u00fcgung.&nbsp; Was macht den Unterschied? Im Kern ben\u00f6tigt der [&hellip;]<\/p>\n","protected":false},"author":5,"featured_media":0,"parent":0,"menu_order":0,"comment_status":"closed","ping_status":"closed","template":"elementor_header_footer","meta":{"footnotes":""},"class_list":["post-603","page","type-page","status-publish","hentry"],"_links":{"self":[{"href":"https:\/\/www.till-neunhoeffer.com\/en\/wp-json\/wp\/v2\/pages\/603","targetHints":{"allow":["GET"]}}],"collection":[{"href":"https:\/\/www.till-neunhoeffer.com\/en\/wp-json\/wp\/v2\/pages"}],"about":[{"href":"https:\/\/www.till-neunhoeffer.com\/en\/wp-json\/wp\/v2\/types\/page"}],"author":[{"embeddable":true,"href":"https:\/\/www.till-neunhoeffer.com\/en\/wp-json\/wp\/v2\/users\/5"}],"replies":[{"embeddable":true,"href":"https:\/\/www.till-neunhoeffer.com\/en\/wp-json\/wp\/v2\/comments?post=603"}],"version-history":[{"count":0,"href":"https:\/\/www.till-neunhoeffer.com\/en\/wp-json\/wp\/v2\/pages\/603\/revisions"}],"wp:attachment":[{"href":"https:\/\/www.till-neunhoeffer.com\/en\/wp-json\/wp\/v2\/media?parent=603"}],"curies":[{"name":"wp","href":"https:\/\/api.w.org\/{rel}","templated":true}]}}