{"id":614,"date":"2020-08-20T12:37:58","date_gmt":"2020-08-20T10:37:58","guid":{"rendered":"https:\/\/setup3.mathiasheinke.de\/?page_id=614"},"modified":"2020-09-16T12:26:31","modified_gmt":"2020-09-16T10:26:31","slug":"vorgehen","status":"publish","type":"page","link":"https:\/\/www.till-neunhoeffer.com\/en\/vorgehen\/","title":{"rendered":"Approach"},"content":{"rendered":"<div data-elementor-type=\"wp-page\" data-elementor-id=\"614\" class=\"elementor elementor-614\" data-elementor-post-type=\"page\">\n\t\t\t\t\t\t<section class=\"elementor-section elementor-top-section elementor-element elementor-element-1fd60b7 elementor-section-boxed elementor-section-height-default elementor-section-height-default\" data-id=\"1fd60b7\" data-element_type=\"section\" data-e-type=\"section\">\n\t\t\t\t\t\t<div class=\"elementor-container elementor-column-gap-default\">\n\t\t\t\t\t<div class=\"elementor-column elementor-col-100 elementor-top-column elementor-element elementor-element-edae437\" data-id=\"edae437\" data-element_type=\"column\" data-e-type=\"column\" data-settings=\"{&quot;background_background&quot;:&quot;classic&quot;}\">\n\t\t\t<div class=\"elementor-widget-wrap elementor-element-populated\">\n\t\t\t\t\t<div class=\"elementor-background-overlay\"><\/div>\n\t\t\t\t\t\t<div class=\"elementor-element elementor-element-13539065 elementor-widget elementor-widget-heading\" data-id=\"13539065\" data-element_type=\"widget\" data-e-type=\"widget\" data-widget_type=\"heading.default\">\n\t\t\t\t<div class=\"elementor-widget-container\">\n\t\t\t\t\t<h5 class=\"elementor-heading-title elementor-size-default\"><a href=\"https:\/\/www.till-neunhoeffer.com\/en\/\"><a href=\"\/en\/history.back()\/\"> Back <\/a><\/a><\/h5>\t\t\t\t<\/div>\n\t\t\t\t<\/div>\n\t\t\t\t\t<\/div>\n\t\t<\/div>\n\t\t\t\t\t<\/div>\n\t\t<\/section>\n\t\t\t\t<section class=\"elementor-section elementor-top-section elementor-element elementor-element-3501d6e0 elementor-section-content-middle elementor-section-boxed elementor-section-height-default elementor-section-height-default\" data-id=\"3501d6e0\" data-element_type=\"section\" data-e-type=\"section\" data-settings=\"{&quot;background_background&quot;:&quot;classic&quot;}\">\n\t\t\t\t\t\t<div class=\"elementor-container elementor-column-gap-default\">\n\t\t\t\t\t<div class=\"elementor-column elementor-col-100 elementor-top-column elementor-element elementor-element-25ae1ba0\" data-id=\"25ae1ba0\" data-element_type=\"column\" data-e-type=\"column\" data-settings=\"{&quot;background_background&quot;:&quot;classic&quot;}\">\n\t\t\t<div class=\"elementor-widget-wrap elementor-element-populated\">\n\t\t\t\t\t<div class=\"elementor-background-overlay\"><\/div>\n\t\t\t\t\t\t<div class=\"elementor-element elementor-element-1a9bb16 elementor-widget elementor-widget-heading\" data-id=\"1a9bb16\" data-element_type=\"widget\" data-e-type=\"widget\" data-widget_type=\"heading.default\">\n\t\t\t\t<div class=\"elementor-widget-container\">\n\t\t\t\t\t<h3 class=\"elementor-heading-title elementor-size-default\">Approach<\/h3>\t\t\t\t<\/div>\n\t\t\t\t<\/div>\n\t\t\t\t<div class=\"elementor-element elementor-element-791cbc14 elementor-widget elementor-widget-spacer\" data-id=\"791cbc14\" data-element_type=\"widget\" data-e-type=\"widget\" data-widget_type=\"spacer.default\">\n\t\t\t\t<div class=\"elementor-widget-container\">\n\t\t\t\t\t\t\t<div class=\"elementor-spacer\">\n\t\t\t<div class=\"elementor-spacer-inner\"><\/div>\n\t\t<\/div>\n\t\t\t\t\t\t<\/div>\n\t\t\t\t<\/div>\n\t\t\t\t<div class=\"elementor-element elementor-element-7087dde9 elementor-widget elementor-widget-text-editor\" data-id=\"7087dde9\" data-element_type=\"widget\" data-e-type=\"widget\" data-widget_type=\"text-editor.default\">\n\t\t\t\t<div class=\"elementor-widget-container\">\n\t\t\t\t\t\t\t\t\t<p><span style=\"font-weight: 400;\">In the Enter the GAP process model, the first challenge is to insert a gap between question and answer, between problem and solution. A break is deliberately made in order to develop a good and stable problem solution.<\/span><\/p>\n<p><span style=\"font-weight: 400;\">In the<\/span><i><span style=\"font-weight: 400;\">GAP<\/span><\/i><span style=\"font-weight: 400;\">. the first step is to understand the problem well enough, that it does not feel bigger than it actually is.&nbsp;<\/span><\/p>\n<p><span style=\"font-weight: 400;\">Next, the necessary characteristics of a good solution are determined. This creates a compass for orientation in solution space, well before entering it for the first time.&nbsp;<\/span><\/p>\n<p><span style=\"font-weight: 400;\">The third step in the gap consists of a change of perspective from a feeling of lack to a feeling of competence. The journey goes from \"what do we not have?\" to \"what can we build upon? This analysis step also provides easily overlooked requirements in the area of \"what do we need to preserve?\", so that the solution of the current problem does not break something elsewhere.<\/span><\/p>\n<p><span style=\"font-weight: 400;\">Now we understand the problem, we know exactly what a possible solution must achieve, and we know the foundations on which our solution can be built. We are excellently prepared to carry out a successful search for the optimal solution.<\/span><\/p>\n<p><span style=\"font-weight: 400;\">Of course, immediate action may be urgently needed in an escalated situation. When the oxygen tank in the service module of Apollo 13 exploded, the first actions were to ensure the immediate survival of the crew. One acts immediately to buy the required time to solve the problem properly. One can only enter the gap if this does not increase the problem.<\/span><\/p>\n<p><span style=\"font-weight: 400;\">After the problem analysis, the priorities are sorted out. They need to be clear for a stringent solutioning process. In the case of Apollo 13, it was self-evident that the life and health of the astronauts were above the mission goal of the moon landing. In our lives on Earth it is not always as easy to have our priorities as clear as in this case. And on the question of resources: in the case of Apollo 13, they rebuilt the situation in the spacecraft on Earth to know exactly what is available above. And the rest is history.<\/span><\/p>\n<p><span style=\"font-weight: 400;\">If we perceive a situation as difficult or complex, it means that the solution is not immediately clear to us. It is therefore essential to know and master a procedural model that will take us from the problem to the solution: easy to use, reliable, effective and efficient. That is Enter the GAP process model.&nbsp;<\/span><\/p>\n<p><\/p>\t\t\t\t\t\t\t\t<\/div>\n\t\t\t\t<\/div>\n\t\t\t\t\t<\/div>\n\t\t<\/div>\n\t\t\t\t\t<\/div>\n\t\t<\/section>\n\t\t\t\t<\/div>","protected":false},"excerpt":{"rendered":"<p>Zur\u00fcck Vorgehen Im Enter the GAP Vorgehensmodell besteht die erste Aufforderung darin, eine L\u00fccke zwischen Frage und Antwort, zwischen Problem und L\u00f6sung einzuf\u00fcgen. Man setzt bewusst eine Z\u00e4sur, um eine gute und stabile Problem-L\u00f6sung erarbeiten zu k\u00f6nnen. In der L\u00fccke (the GAP) geht es zuerst darum, das Problem so gut zu verstehen, dass es sich [&hellip;]<\/p>\n","protected":false},"author":5,"featured_media":0,"parent":0,"menu_order":0,"comment_status":"closed","ping_status":"closed","template":"elementor_header_footer","meta":{"footnotes":""},"class_list":["post-614","page","type-page","status-publish","hentry"],"_links":{"self":[{"href":"https:\/\/www.till-neunhoeffer.com\/en\/wp-json\/wp\/v2\/pages\/614","targetHints":{"allow":["GET"]}}],"collection":[{"href":"https:\/\/www.till-neunhoeffer.com\/en\/wp-json\/wp\/v2\/pages"}],"about":[{"href":"https:\/\/www.till-neunhoeffer.com\/en\/wp-json\/wp\/v2\/types\/page"}],"author":[{"embeddable":true,"href":"https:\/\/www.till-neunhoeffer.com\/en\/wp-json\/wp\/v2\/users\/5"}],"replies":[{"embeddable":true,"href":"https:\/\/www.till-neunhoeffer.com\/en\/wp-json\/wp\/v2\/comments?post=614"}],"version-history":[{"count":0,"href":"https:\/\/www.till-neunhoeffer.com\/en\/wp-json\/wp\/v2\/pages\/614\/revisions"}],"wp:attachment":[{"href":"https:\/\/www.till-neunhoeffer.com\/en\/wp-json\/wp\/v2\/media?parent=614"}],"curies":[{"name":"wp","href":"https:\/\/api.w.org\/{rel}","templated":true}]}}